{"id":1121,"date":"2025-07-08T11:34:45","date_gmt":"2025-07-08T11:34:45","guid":{"rendered":"https:\/\/shk-de-rsl.de\/?page_id=1121"},"modified":"2025-07-08T13:07:50","modified_gmt":"2025-07-08T13:07:50","slug":"ueber-uns","status":"publish","type":"page","link":"https:\/\/shk-de-rsl.de\/?page_id=1121","title":{"rendered":"\u00dcber uns"},"content":{"rendered":"\t\t<div data-elementor-type=\"wp-page\" data-elementor-id=\"1121\" class=\"elementor elementor-1121\" data-elementor-post-type=\"page\">\n\t\t\t\t\t\t<section class=\"elementor-section elementor-top-section elementor-element elementor-element-40a03cda elementor-reverse-mobile elementor-section-boxed elementor-section-height-default elementor-section-height-default\" data-id=\"40a03cda\" data-element_type=\"section\" data-e-type=\"section\" data-settings=\"{&quot;background_background&quot;:&quot;classic&quot;}\">\n\t\t\t\t\t\t\t<div class=\"elementor-background-overlay\"><\/div>\n\t\t\t\t\t\t\t<div class=\"elementor-container elementor-column-gap-default\">\n\t\t\t\t\t<div class=\"elementor-column elementor-col-50 elementor-top-column elementor-element elementor-element-228816fb\" data-id=\"228816fb\" data-element_type=\"column\" data-e-type=\"column\">\n\t\t\t<div class=\"elementor-widget-wrap elementor-element-populated\">\n\t\t\t\t\t\t<div class=\"elementor-element elementor-element-fbcc2b5 elementor-invisible elementor-widget elementor-widget-heading\" data-id=\"fbcc2b5\" data-element_type=\"widget\" data-e-type=\"widget\" data-settings=\"{&quot;_animation&quot;:&quot;fadeInUp&quot;}\" data-widget_type=\"heading.default\">\n\t\t\t\t<div class=\"elementor-widget-container\">\n\t\t\t\t\t<h1 class=\"elementor-heading-title elementor-size-default\">SHK-Innung <\/h1>\t\t\t\t<\/div>\n\t\t\t\t<\/div>\n\t\t\t\t<div class=\"elementor-element elementor-element-5b3106ad elementor-invisible elementor-widget elementor-widget-jkit_heading\" data-id=\"5b3106ad\" data-element_type=\"widget\" data-e-type=\"widget\" data-settings=\"{&quot;_animation&quot;:&quot;fadeInUp&quot;}\" data-widget_type=\"jkit_heading.default\">\n\t\t\t\t<div class=\"elementor-widget-container\">\n\t\t\t\t\t<div  class=\"jeg-elementor-kit jkit-heading  align-left align-tablet- align-mobile-center jeg_module___6a035e2d7a565\" ><div class=\"heading-section-title  display-inline-block\"><h2 class=\"heading-title\"><span class=\"style-gradient\"><span>Dessau-Ro\u00dflau<\/span><\/span><\/h2><\/div><\/div>\t\t\t\t<\/div>\n\t\t\t\t<\/div>\n\t\t\t\t<div class=\"elementor-element elementor-element-342e7f27 elementor-invisible elementor-widget elementor-widget-text-editor\" data-id=\"342e7f27\" data-element_type=\"widget\" data-e-type=\"widget\" data-settings=\"{&quot;_animation&quot;:&quot;fadeInUp&quot;}\" data-widget_type=\"text-editor.default\">\n\t\t\t\t<div class=\"elementor-widget-container\">\n\t\t\t\t\t\t\t\t\t<p class=\"p1\">Ihr regionaler Ansprechpartner f\u00fcr Heizung, Sanit\u00e4r und Klima \u2013 stark vernetzt, fachlich kompetent und engagiert f\u00fcr das Handwerk. Wir vertreten die Interessen unserer Mitgliedsbetriebe, f\u00f6rdern Ausbildung, Qualit\u00e4t und Innovation in der Region.<\/p>\t\t\t\t\t\t\t\t<\/div>\n\t\t\t\t<\/div>\n\t\t\t\t\t<\/div>\n\t\t<\/div>\n\t\t\t\t<div class=\"elementor-column elementor-col-50 elementor-top-column elementor-element elementor-element-7d81e18d\" data-id=\"7d81e18d\" data-element_type=\"column\" data-e-type=\"column\">\n\t\t\t<div class=\"elementor-widget-wrap elementor-element-populated\">\n\t\t\t\t\t\t<div class=\"elementor-element elementor-element-51bebe54 elementor-invisible elementor-widget elementor-widget-image\" data-id=\"51bebe54\" data-element_type=\"widget\" data-e-type=\"widget\" data-settings=\"{&quot;_animation&quot;:&quot;fadeIn&quot;}\" data-widget_type=\"image.default\">\n\t\t\t\t<div class=\"elementor-widget-container\">\n\t\t\t\t\t\t\t\t\t\t\t\t\t\t\t<img decoding=\"async\" width=\"1\" height=\"1\" src=\"https:\/\/shk-de-rsl.de\/wp-content\/uploads\/2025\/07\/Innung.png\" class=\"attachment-large size-large wp-image-1145\" alt=\"\" \/>\t\t\t\t\t\t\t\t\t\t\t\t\t\t\t<\/div>\n\t\t\t\t<\/div>\n\t\t\t\t\t<\/div>\n\t\t<\/div>\n\t\t\t\t\t<\/div>\n\t\t<\/section>\n\t\t<div class=\"elementor-element elementor-element-2511149 e-flex e-con-boxed e-con e-parent\" data-id=\"2511149\" data-element_type=\"container\" data-e-type=\"container\">\n\t\t\t\t\t<div class=\"e-con-inner\">\n\t\t\t\t<div class=\"elementor-element elementor-element-63f7583 elementor-widget elementor-widget-heading\" data-id=\"63f7583\" data-element_type=\"widget\" data-e-type=\"widget\" data-widget_type=\"heading.default\">\n\t\t\t\t<div class=\"elementor-widget-container\">\n\t\t\t\t\t<h2 class=\"elementor-heading-title elementor-size-default\">Unser Team<\/h2>\t\t\t\t<\/div>\n\t\t\t\t<\/div>\n\t\t\t\t\t<\/div>\n\t\t\t\t<\/div>\n\t\t\t\t<section class=\"elementor-section elementor-top-section elementor-element elementor-element-256a5650 elementor-section-boxed elementor-section-height-default elementor-section-height-default\" data-id=\"256a5650\" data-element_type=\"section\" data-e-type=\"section\">\n\t\t\t\t\t\t<div class=\"elementor-container elementor-column-gap-default\">\n\t\t\t\t\t<div class=\"elementor-column elementor-col-33 elementor-top-column elementor-element elementor-element-1b67fdf4\" data-id=\"1b67fdf4\" data-element_type=\"column\" data-e-type=\"column\">\n\t\t\t<div class=\"elementor-widget-wrap elementor-element-populated\">\n\t\t\t\t\t\t<div class=\"elementor-element elementor-element-72cc997d elementor-widget elementor-widget-jkit_team\" data-id=\"72cc997d\" data-element_type=\"widget\" data-e-type=\"widget\" data-widget_type=\"jkit_team.default\">\n\t\t\t\t<div class=\"elementor-widget-container\">\n\t\t\t\t\t<div  class=\"jeg-elementor-kit jkit-team style-overlay overlay-bottom jeg_module__1_6a035e2d7d1e4\" ><div class=\"profile-card \">\n                <div class=\"hover-area alignment-center\"><div class=\"profile-body\">\n                <h2 class=\"profile-title\"><\/h2>\n                <p class=\"profile-designation\"><\/p>\n                \n                <ul class=\"social-list\"><\/ul>\n            <\/div><\/div>\n            <\/div><\/div>\t\t\t\t<\/div>\n\t\t\t\t<\/div>\n\t\t\t\t<section class=\"elementor-section elementor-inner-section elementor-element elementor-element-76d746fc elementor-section-boxed elementor-section-height-default elementor-section-height-default\" data-id=\"76d746fc\" data-element_type=\"section\" data-e-type=\"section\">\n\t\t\t\t\t\t<div class=\"elementor-container elementor-column-gap-default\">\n\t\t\t\t\t<div class=\"elementor-column elementor-col-100 elementor-inner-column elementor-element elementor-element-4a52ad60\" data-id=\"4a52ad60\" data-element_type=\"column\" data-e-type=\"column\" data-settings=\"{&quot;background_background&quot;:&quot;gradient&quot;}\">\n\t\t\t<div class=\"elementor-widget-wrap elementor-element-populated\">\n\t\t\t\t\t\t<div class=\"elementor-element elementor-element-6a3bfcf3 elementor-widget elementor-widget-heading\" data-id=\"6a3bfcf3\" data-element_type=\"widget\" data-e-type=\"widget\" data-widget_type=\"heading.default\">\n\t\t\t\t<div class=\"elementor-widget-container\">\n\t\t\t\t\t<h4 class=\"elementor-heading-title elementor-size-default\">Andreas Seliger<\/h4>\t\t\t\t<\/div>\n\t\t\t\t<\/div>\n\t\t\t\t<div class=\"elementor-element elementor-element-4b201172 elementor-widget elementor-widget-heading\" data-id=\"4b201172\" data-element_type=\"widget\" data-e-type=\"widget\" data-widget_type=\"heading.default\">\n\t\t\t\t<div class=\"elementor-widget-container\">\n\t\t\t\t\t<h2 class=\"elementor-heading-title elementor-size-default\">Obermeister<\/h2>\t\t\t\t<\/div>\n\t\t\t\t<\/div>\n\t\t\t\t\t<\/div>\n\t\t<\/div>\n\t\t\t\t\t<\/div>\n\t\t<\/section>\n\t\t\t\t\t<\/div>\n\t\t<\/div>\n\t\t\t\t<div class=\"elementor-column elementor-col-33 elementor-top-column elementor-element elementor-element-a8ce941\" data-id=\"a8ce941\" data-element_type=\"column\" data-e-type=\"column\">\n\t\t\t<div class=\"elementor-widget-wrap elementor-element-populated\">\n\t\t\t\t\t\t<div class=\"elementor-element elementor-element-4f26085 elementor-widget elementor-widget-jkit_team\" data-id=\"4f26085\" data-element_type=\"widget\" data-e-type=\"widget\" data-widget_type=\"jkit_team.default\">\n\t\t\t\t<div class=\"elementor-widget-container\">\n\t\t\t\t\t<div  class=\"jeg-elementor-kit jkit-team style-overlay overlay-bottom jeg_module__2_6a035e2d7df43\" ><div class=\"profile-card \">\n                <div class=\"hover-area alignment-center\"><div class=\"profile-body\">\n                <h2 class=\"profile-title\"><\/h2>\n                <p class=\"profile-designation\"><\/p>\n                \n                <ul class=\"social-list\"><\/ul>\n            <\/div><\/div>\n            <\/div><\/div>\t\t\t\t<\/div>\n\t\t\t\t<\/div>\n\t\t\t\t<section class=\"elementor-section elementor-inner-section elementor-element elementor-element-c5e7104 elementor-section-boxed elementor-section-height-default elementor-section-height-default\" data-id=\"c5e7104\" data-element_type=\"section\" data-e-type=\"section\">\n\t\t\t\t\t\t<div class=\"elementor-container elementor-column-gap-default\">\n\t\t\t\t\t<div class=\"elementor-column elementor-col-100 elementor-inner-column elementor-element elementor-element-9d98349\" data-id=\"9d98349\" data-element_type=\"column\" data-e-type=\"column\" data-settings=\"{&quot;background_background&quot;:&quot;gradient&quot;}\">\n\t\t\t<div class=\"elementor-widget-wrap elementor-element-populated\">\n\t\t\t\t\t\t<div class=\"elementor-element elementor-element-e93bf5c elementor-widget elementor-widget-heading\" data-id=\"e93bf5c\" data-element_type=\"widget\" data-e-type=\"widget\" data-widget_type=\"heading.default\">\n\t\t\t\t<div class=\"elementor-widget-container\">\n\t\t\t\t\t<h4 class=\"elementor-heading-title elementor-size-default\">Andreas Seliger<\/h4>\t\t\t\t<\/div>\n\t\t\t\t<\/div>\n\t\t\t\t<div class=\"elementor-element elementor-element-984789d elementor-widget elementor-widget-heading\" data-id=\"984789d\" data-element_type=\"widget\" data-e-type=\"widget\" data-widget_type=\"heading.default\">\n\t\t\t\t<div class=\"elementor-widget-container\">\n\t\t\t\t\t<h2 class=\"elementor-heading-title elementor-size-default\">Obermeister<\/h2>\t\t\t\t<\/div>\n\t\t\t\t<\/div>\n\t\t\t\t\t<\/div>\n\t\t<\/div>\n\t\t\t\t\t<\/div>\n\t\t<\/section>\n\t\t\t\t\t<\/div>\n\t\t<\/div>\n\t\t\t\t<div class=\"elementor-column elementor-col-33 elementor-top-column elementor-element elementor-element-f22317f\" data-id=\"f22317f\" data-element_type=\"column\" data-e-type=\"column\">\n\t\t\t<div class=\"elementor-widget-wrap elementor-element-populated\">\n\t\t\t\t\t\t<div class=\"elementor-element elementor-element-37276aa elementor-widget elementor-widget-jkit_team\" data-id=\"37276aa\" data-element_type=\"widget\" data-e-type=\"widget\" data-widget_type=\"jkit_team.default\">\n\t\t\t\t<div class=\"elementor-widget-container\">\n\t\t\t\t\t<div  class=\"jeg-elementor-kit jkit-team style-overlay overlay-bottom jeg_module__3_6a035e2d7eac9\" ><div class=\"profile-card \">\n                <div class=\"hover-area alignment-center\"><div class=\"profile-body\">\n                <h2 class=\"profile-title\"><\/h2>\n                <p class=\"profile-designation\"><\/p>\n                \n                <ul class=\"social-list\"><\/ul>\n            <\/div><\/div>\n            <\/div><\/div>\t\t\t\t<\/div>\n\t\t\t\t<\/div>\n\t\t\t\t<section class=\"elementor-section elementor-inner-section elementor-element elementor-element-58f58b3 elementor-section-boxed elementor-section-height-default elementor-section-height-default\" data-id=\"58f58b3\" data-element_type=\"section\" data-e-type=\"section\">\n\t\t\t\t\t\t<div class=\"elementor-container elementor-column-gap-default\">\n\t\t\t\t\t<div class=\"elementor-column elementor-col-100 elementor-inner-column elementor-element elementor-element-9d4067e\" data-id=\"9d4067e\" data-element_type=\"column\" data-e-type=\"column\" data-settings=\"{&quot;background_background&quot;:&quot;gradient&quot;}\">\n\t\t\t<div class=\"elementor-widget-wrap elementor-element-populated\">\n\t\t\t\t\t\t<div class=\"elementor-element elementor-element-748d2f6 elementor-widget elementor-widget-heading\" data-id=\"748d2f6\" data-element_type=\"widget\" data-e-type=\"widget\" data-widget_type=\"heading.default\">\n\t\t\t\t<div class=\"elementor-widget-container\">\n\t\t\t\t\t<h4 class=\"elementor-heading-title elementor-size-default\">Andreas Seliger<\/h4>\t\t\t\t<\/div>\n\t\t\t\t<\/div>\n\t\t\t\t<div class=\"elementor-element elementor-element-d8cc566 elementor-widget elementor-widget-heading\" data-id=\"d8cc566\" data-element_type=\"widget\" data-e-type=\"widget\" data-widget_type=\"heading.default\">\n\t\t\t\t<div class=\"elementor-widget-container\">\n\t\t\t\t\t<h2 class=\"elementor-heading-title elementor-size-default\">Obermeister<\/h2>\t\t\t\t<\/div>\n\t\t\t\t<\/div>\n\t\t\t\t\t<\/div>\n\t\t<\/div>\n\t\t\t\t\t<\/div>\n\t\t<\/section>\n\t\t\t\t\t<\/div>\n\t\t<\/div>\n\t\t\t\t\t<\/div>\n\t\t<\/section>\n\t\t\t\t<\/div>\n\t\t","protected":false},"excerpt":{"rendered":"<p>SHK-Innung Dessau-Ro\u00dflau Ihr regionaler Ansprechpartner f\u00fcr Heizung, Sanit\u00e4r und Klima \u2013 stark vernetzt, fachlich kompetent und engagiert f\u00fcr das Handwerk. Wir vertreten die Interessen unserer Mitgliedsbetriebe, f\u00f6rdern Ausbildung, Qualit\u00e4t und Innovation in der Region. Unser Team Andreas Seliger Obermeister Andreas Seliger Obermeister Andreas Seliger Obermeister<\/p>\n","protected":false},"author":1,"featured_media":0,"parent":0,"menu_order":0,"comment_status":"closed","ping_status":"closed","template":"elementor_header_footer","meta":{"_monsterinsights_skip_tracking":false,"_monsterinsights_sitenote_active":false,"_monsterinsights_sitenote_note":"","_monsterinsights_sitenote_category":0,"footnotes":""},"class_list":["post-1121","page","type-page","status-publish","hentry"],"_links":{"self":[{"href":"https:\/\/shk-de-rsl.de\/index.php?rest_route=\/wp\/v2\/pages\/1121","targetHints":{"allow":["GET"]}}],"collection":[{"href":"https:\/\/shk-de-rsl.de\/index.php?rest_route=\/wp\/v2\/pages"}],"about":[{"href":"https:\/\/shk-de-rsl.de\/index.php?rest_route=\/wp\/v2\/types\/page"}],"author":[{"embeddable":true,"href":"https:\/\/shk-de-rsl.de\/index.php?rest_route=\/wp\/v2\/users\/1"}],"replies":[{"embeddable":true,"href":"https:\/\/shk-de-rsl.de\/index.php?rest_route=%2Fwp%2Fv2%2Fcomments&post=1121"}],"version-history":[{"count":13,"href":"https:\/\/shk-de-rsl.de\/index.php?rest_route=\/wp\/v2\/pages\/1121\/revisions"}],"predecessor-version":[{"id":1385,"href":"https:\/\/shk-de-rsl.de\/index.php?rest_route=\/wp\/v2\/pages\/1121\/revisions\/1385"}],"wp:attachment":[{"href":"https:\/\/shk-de-rsl.de\/index.php?rest_route=%2Fwp%2Fv2%2Fmedia&parent=1121"}],"curies":[{"name":"wp","href":"https:\/\/api.w.org\/{rel}","templated":true}]}}